{"id":7,"date":"2021-06-09T15:07:35","date_gmt":"2021-06-09T15:07:35","guid":{"rendered":"https:\/\/nancyfamosa.es\/it\/?page_id=7"},"modified":"2021-06-21T13:36:32","modified_gmt":"2021-06-21T13:36:32","slug":"avvertenze-legali","status":"publish","type":"page","link":"https:\/\/nancyfamosa.es\/it\/avvertenze-legali\/","title":{"rendered":"Avvertenze legali"},"content":{"rendered":"\n<p>PRIVACY POLICY<\/p>\n\n\n\n<p><br>1 TITOLARE<br>Nome: F\u00c1BRICAS AGRUPADAS DE MU\u00d1ECAS DE ONIL, S.A. (hereinafter, \u201cFAMOSA\u201d).<br>NIF: A-84392596<br>Indirizzo: PI Las Atalayas, C\/ Del Franco, s\/n, 03114 Alicante<\/p>\n\n\n\n<p><br>2 INFORMAZIONI E CONSENSO<br>Tramite la presente Informativa sulla privacy l\u2019utente viene debitamente informato di fornire, in modo libero e inequivocabile, il proprio consenso per i dati personali che ha fornito tramite il sito Web all\u2019indirizzo URL&nbsp;<a rel=\"noreferrer noopener\" href=\"http:\/\/www.famosa.es\/\" target=\"_blank\">www.famosa.es<\/a>&nbsp;(di seguito, il \u00bb sito web \u00ab) che saranno gestiti da FAMOSA, nonch\u00e9 i dati acquisiti dalle sue abitudini di navigazione e qualsiasi dato che potrebbe fornire a FAMOSA in futuro.<br>\u00ab<br>Ogni utente deve leggere attentamente la presente Informativa sulla privacy al fine di poter decidere consapevolmente, liberamente e volontariamente se desidera fornire a FAMOSA i propri dati personali.\u00bb<\/p>\n\n\n\n<p><br>3 OBBLIGO DI FORNIRE DATI<br>IL CONFERIMENTO DEL CONSENSO AL TRATTAMENTO DEI DATI QUI RICHIESTI E\u2019 FACOLTATIVO, TUTTAVIA IN CASO DI MANCATO CONSENSO NON SARA\u2019 POSSIBILE PER FAMOSA PERSEGUIRE LA FINALITA\u2019 PER CUI IL TRATTAMENTO E\u2019 NECESSARIO E, PERTANTO, UNO O PIU\u2019 SERVIZI POTREBBERO NON ESSERE EROGATI<\/p>\n\n\n\n<p>4 QUAL \u00c8 LO SCOPO DI FAMOSA NEL TRATTARE I DATI PERSONALI DEGLI UTENTI E PER QUANTO TEMPO?<br>I dati personali forniti a FAMOSA tramite il sito Web verranno gestiti per le per le seguenti finalit\u00e0:<br>Gestire le richieste di contatto e le informazioni dell\u2019utente attraverso i canali predisposti per tali scopi sui siti Web gestiti da FAMOSA.<br>Per gestire le richieste di reso fatte dai consumatori e dagli utenti dei prodotti FAMOSA attraverso il canale dedicato sui siti web di FAMOSA.<br>Gestire la partecipazione degli utenti a promozioni, lotterie, quiz e altre attivit\u00e0 promozionali che FAMOSA potrebbe svolgere su uno qualsiasi dei suoi siti Web.<br>Gestire l\u2019invio di informazioni commerciali di FAMOSA a quei clienti che hanno fornito il consenso a ricevere tali informazioni commerciali, a meno che non abbia richiesto di essere eliminato dall\u2019elenco di FAMOSA, opponendosi e revocando il proprio consenso.<\/p>\n\n\n\n<p><br>5 QUALI DATI UTENTE TRATTANO FAMOSA?<br>FAMOSA ha diverse categorie per classificare le informazioni fornite dagli utenti:<br>IDENTIFICAZIONE PERSONALE: nome e cognome<br>DETTAGLI DI CONTATTO: indirizzo email, numero di telefono e paese di residenza<br>ALTRI DATI: dati forniti dall\u2019interessato in quegli spazi del sito web in cui sono richieste informazioni non obbligatorie, o informazioni fornite dall\u2019utente in documenti allegati<\/p>\n\n\n\n<p><br>CONFERIMENTO DATI.<br>Se l\u2019utente fornisce informazioni di terze parti, deve dimostrare che ciascuna di tali terze parti abbia fornito il consenso scritto. Inoltre l\u2019utente si impegna a fornire s atali terze parti le informazioni contenute nella presente Informativa sulla privacy, esonerando cos\u00ec FAMOSA da qualsiasi responsabilit\u00e0 al riguardo. Tuttavia, FAMOSA potrebbe effettuare periodicamente controlli per accertare questo fatto, assumendo le misure necessarie, conformemente alle norme sulla protezione dei dati.<\/p>\n\n\n\n<p><br>6 QUALI SONO LE NORME PER IL TRATTAMENTO DEI DATI PERSONALI DELL\u2019UTENTE?<br>Il trattamento dei dati dell\u2019utente da parte di FAMOSA si basa sul consenso richiesto all\u2019utente stesso e che pu\u00f2 essere revocato in qualsiasi momento o per qualsiasi necessit\u00e0 . Tuttavia, se il consenso viene revocato, ci\u00f2 non influir\u00e0 sulla legalit\u00e0 del trattamento dei dati effettuato in precedenza.<br>Ogni consenso ottenuto dall\u2019utente per le finalit\u00e0 sopra menzionate \u00e8 indipendente, il che significa l\u2019utente potrebbe revocare un consenso senza influire sul resto di essi.<br>Per revocare il consenso, l\u2019utente pu\u00f2 contattare FAMOSA attraverso i seguenti canali:<br>Per posta, indirizzata al dipartimento. Juridico y de Protecci\u00f3n de Datos, C \/ Mar\u00eda Tubau, 3, 28050, Madrid.<\/p>\n\n\n\n<p>Per e-mail a:&nbsp;<a rel=\"noreferrer noopener\" href=\"mailto:protecciondatos@famosa.es\" target=\"_blank\">protecciondatos@famosa.es<\/a><br>7 CON CHI CONDIVIDER\u00c0 I DATI DELL\u2019UTENTE &nbsp;FAMOSA?<br>I dati dell\u2019utente non saranno condivisi con terze parti, ad eccezione dei dati che FAMOSA \u00e8 legalmente obbligato a fornire alle autorit\u00e0 pubbliche, alle forze e agli organismi di sicurezza o alle case e ai tribunali.<br>8 RESPONSABILIT\u00c0 DELL\u2019UTENTE<br>L\u2019utente<br>Garantisce di avere pi\u00f9 di diciotto (18) anni e che le informazioni fornite a FAMOSA sono veritiere, esatte, complete e aggiornate. A tal fine, l\u2019utente sar\u00e0 responsabile della veridicit\u00e0 dei dati che comunica e li manterr\u00e0 sistematicamente aggiornati, per garantire che i dati riflettano la loro situazione attuale.<br>Garantisce di aver informato le terze parti di cui sta fornendo i dati, in tali casi, delle informazioni contenute nel presente documento. Inoltre l\u2019utente garantisce di essere autorizzato a fornire informazioni di terzi a FAMOSA per le finalit\u00e0 sopra indicate.<br>Sar\u00e0 responsabile per aver fornito informazioni false o inadeguate tramite questo sito Web e per i danni e le conseguenze, diretti o indiretti, che possono essere causati a FAMOSA o terze parti.<br>9 COMUNICAZIONI COMMERCIALI E PUBBLICITARIE<br>Uno dei motivi per cui FAMOSA gestisce i dati personali forniti dagli utenti \u00e8 di inviare loro e-mail con informazioni relative ai loro prodotti, servizi, promozioni, offerte speciali, eventi e informazioni utili per l\u2019utente. Ogni volta che viene effettuata una campagna di questo tipo, viene indirizzata individualmente ed esclusivamente all\u2019utente che aveva precedentemente fornito il consenso a ricevere tali comunicazioni.<br>Se l\u2019utente non desidera pi\u00f9 ricevere questi messaggi commerciali o promozionali da FAMOSA, pu\u00f2 revocare il proprio consenso inviando una e-mail a&nbsp;<a rel=\"noreferrer noopener\" href=\"mailto:protecciondatos@famosa.es\" target=\"_blank\">protecciondatos@famosa.es<\/a>&nbsp;o tramite l\u2019opzione rimuovi dalla mailing list contenuta in ogni messaggio commerciale inviato da FAMOSA.<br>10 DIRITTI<br>Gli utenti possono scrivere a FAMOSA in qualsiasi momento e senza incorrere in costi con qualsiasi metodo abbiano scelto tra le opzioni disponibili nella sezione 6 della presente Politica, inclusdendo nella comunicazione una fotocopia del documento di identit\u00e0 personale, al fine di:<br>Revoca del consenso precedentemente concesso;<br>Ottenere informazioni sul fatto che FAMOSA stia gestendo o meno informazioni personali su di loro;<br>Accesso alle loro informazioni personali;<br>Modifica informazioni errate o incomplete<br>Chiedere che le loro informazioni personali vengano rimosse quando, tra le altre ragioni, i dati non sono pi\u00f9 necessari per lo scopo originale che erano stati trasferiti;<br>Individuare da FAMOSA le limitazioni esistenti in base all\u2019attuale legislazione sulla protezione dei dati in relazione al trattamento dei dati personali quando sono soddisfatte le circostanze ivi indicate;<br>Ricevere attenzione personale quando si esprime un\u2019opinione e si sfidano le scelte automatiche offerte da FAMOSA;<\/p>\n\n\n\n<p><br>Richiedi il trasferimento di dati personali<br>In ogni caso e nonostante quanto sopra, l\u2019utente pu\u00f2 presentare un reclamo con riferimento alla protezione delle informazioni personali prima che l\u2019agenzia spagnola per la protezione dei dati abbia sede in calle Jorge Juan 6, 28001 Madrid, quando ritengono che FAMOSA abbia violato i diritti previsti nelle normative applicabili sulla protezione dei dati.<\/p>\n\n\n\n<p><br>11 MISURE DI SICUREZZA<br>Misure di sicurezza<br>FAMOSA tratter\u00e0 le informazioni degli utenti sin dall\u2019inizio con la massima riservatezza e mantenendo l\u2019obbligo di segretezza al riguardo, conformemente a quanto indicato nella legislazione applicabile, adottando in tal modo tutte le misure tecniche e amministrative necessarie per garantire la sicurezza dei dati personali e per evitare la sua alterazione, perdita, manipolazione da parte di persone non autorizzate, tenendo conto delle condizioni tecnologiche, della natura dei dati archiviati e dei rischi a cui sono esposti.<br>Politica sui cookie<br>I cookie sono piccoli file che vengono inviati al tuo computer o dispositivo mobile da un sito Web quando lo visiti. I cookie restituiscono i dati al sito Web di origine in ogni visita successiva o consentono a un altro sito Web di riconoscere quel cookie.<br>I cookie sono utili perch\u00e9 consentono a un sito Web di riconoscere il dispositivo di un utente consentendo cos\u00ec una navigazione abile attraverso il sito quando vengono memorizzate le preferenze che migliorano la successiva esperienza di navigazione del sito da parte dell\u2019utente.<br>Alcuni dei cookie inviati dal server Web durano solo per la sessione di navigazione del sito Web e scadono alla chiusura del browser.<br>Altri cookie vengono utilizzati per riconoscere gli utenti quando tornano al sito Web e vengono memorizzati per un periodo di tempo pi\u00f9 lungo.<br>La maggior parte dei browser Web accetta automaticamente i cookie. Puoi modificare le impostazioni del browser per evitare di accettare i cookie o di avvisarti ogni volta che viene creato un cookie.<br>Puoi trovare ulteriori informazioni sui cookie, incluso il modo in cui vengono creati nel tuo dispositivo e come puoi gestirli ed eliminarli su diversi browser, su&nbsp;<a rel=\"noreferrer noopener\" href=\"http:\/\/www.allaboutcookies.org\/\" target=\"_blank\">www.allaboutcookies.org<\/a>.<br>L\u2019utente del sito Web pu\u00f2 abilitare, disabilitare o rimuovere i cookie. Per fare ci\u00f2, seguire le istruzioni fornite dal browser (di solito spiegate nelle sezioni \u00abSupporto\u00bb, \u00abOpzioni\u00bb o \u00abImpostazioni\u00bb). La disabilitazione di un cookie o di un tipo specifico di cookie non elimina il cookie dal browser; per fare ci\u00f2 \u00e8 necessario accedere manualmente alle impostazioni del browser.<br>La disattivazione o la rimozione di cookie utilizzati da FAMOSA pu\u00f2 compromettere o limitare la capacit\u00e0 dell\u2019utente di utilizzare il nostro sito Web.<\/p>\n","protected":false},"excerpt":{"rendered":"<p>PRIVACY POLICY 1 TITOLARENome: F\u00c1BRICAS AGRUPADAS DE MU\u00d1ECAS DE ONIL, S.A. (hereinafter, \u201cFAMOSA\u201d).NIF: A-84392596Indirizzo: PI Las Atalayas, C\/ Del Franco, s\/n, 03114 Alicante 2 INFORMAZIONI E CONSENSOTramite la presente Informativa sulla privacy l\u2019utente viene debitamente informato di fornire, in modo libero e inequivocabile, il proprio consenso per i dati personali che ha fornito tramite il [&hellip;]<\/p>\n","protected":false},"author":1,"featured_media":0,"parent":0,"menu_order":0,"comment_status":"closed","ping_status":"closed","template":"","meta":{"footnotes":""},"class_list":["post-7","page","type-page","status-publish","hentry"],"acf":[],"yoast_head":"<!-- This site is optimized with the Yoast SEO plugin v16.4 - https:\/\/yoast.com\/wordpress\/plugins\/seo\/ -->\n<title>Avvertenze legali - Nancy IT<\/title>\n<meta name=\"robots\" content=\"index, follow, max-snippet:-1, max-image-preview:large, max-video-preview:-1\" \/>\n<link rel=\"canonical\" href=\"https:\/\/nancyfamosa.es\/it\/avvertenze-legali\/\" \/>\n<meta property=\"og:locale\" content=\"it_IT\" \/>\n<meta property=\"og:type\" content=\"article\" \/>\n<meta property=\"og:title\" content=\"Avvertenze legali - Nancy IT\" \/>\n<meta property=\"og:description\" content=\"PRIVACY POLICY 1 TITOLARENome: F\u00c1BRICAS AGRUPADAS DE MU\u00d1ECAS DE ONIL, S.A. (hereinafter, \u201cFAMOSA\u201d).NIF: A-84392596Indirizzo: PI Las Atalayas, C\/ Del Franco, s\/n, 03114 Alicante 2 INFORMAZIONI E CONSENSOTramite la presente Informativa sulla privacy l\u2019utente viene debitamente informato di fornire, in modo libero e inequivocabile, il proprio consenso per i dati personali che ha fornito tramite il [&hellip;]\" \/>\n<meta property=\"og:url\" content=\"https:\/\/nancyfamosa.es\/it\/avvertenze-legali\/\" \/>\n<meta property=\"og:site_name\" content=\"Nancy IT\" \/>\n<meta property=\"article:modified_time\" content=\"2021-06-21T13:36:32+00:00\" \/>\n<meta name=\"twitter:card\" content=\"summary_large_image\" \/>\n<meta name=\"twitter:label1\" content=\"Tempo di lettura stimato\" \/>\n\t<meta name=\"twitter:data1\" content=\"7 minuti\" \/>\n<script type=\"application\/ld+json\" class=\"yoast-schema-graph\">{\"@context\":\"https:\/\/schema.org\",\"@graph\":[{\"@type\":\"WebSite\",\"@id\":\"https:\/\/nancyfamosa.es\/it\/#website\",\"url\":\"https:\/\/nancyfamosa.es\/it\/\",\"name\":\"Nancy IT\",\"description\":\"Nancy Famosa Espa\\u00f1a\",\"potentialAction\":[{\"@type\":\"SearchAction\",\"target\":\"https:\/\/nancyfamosa.es\/it\/?s={search_term_string}\",\"query-input\":\"required name=search_term_string\"}],\"inLanguage\":\"it-IT\"},{\"@type\":\"WebPage\",\"@id\":\"https:\/\/nancyfamosa.es\/it\/avvertenze-legali\/#webpage\",\"url\":\"https:\/\/nancyfamosa.es\/it\/avvertenze-legali\/\",\"name\":\"Avvertenze legali - Nancy IT\",\"isPartOf\":{\"@id\":\"https:\/\/nancyfamosa.es\/it\/#website\"},\"datePublished\":\"2021-06-09T15:07:35+00:00\",\"dateModified\":\"2021-06-21T13:36:32+00:00\",\"breadcrumb\":{\"@id\":\"https:\/\/nancyfamosa.es\/it\/avvertenze-legali\/#breadcrumb\"},\"inLanguage\":\"it-IT\",\"potentialAction\":[{\"@type\":\"ReadAction\",\"target\":[\"https:\/\/nancyfamosa.es\/it\/avvertenze-legali\/\"]}]},{\"@type\":\"BreadcrumbList\",\"@id\":\"https:\/\/nancyfamosa.es\/it\/avvertenze-legali\/#breadcrumb\",\"itemListElement\":[{\"@type\":\"ListItem\",\"position\":1,\"item\":{\"@type\":\"WebPage\",\"@id\":\"https:\/\/nancyfamosa.es\/it\/\",\"url\":\"https:\/\/nancyfamosa.es\/it\/\",\"name\":\"Portada\"}},{\"@type\":\"ListItem\",\"position\":2,\"item\":{\"@id\":\"https:\/\/nancyfamosa.es\/it\/avvertenze-legali\/#webpage\"}}]}]}<\/script>\n<!-- \/ Yoast SEO plugin. -->","_links":{"self":[{"href":"https:\/\/nancyfamosa.es\/it\/wp-json\/wp\/v2\/pages\/7"}],"collection":[{"href":"https:\/\/nancyfamosa.es\/it\/wp-json\/wp\/v2\/pages"}],"about":[{"href":"https:\/\/nancyfamosa.es\/it\/wp-json\/wp\/v2\/types\/page"}],"author":[{"embeddable":true,"href":"https:\/\/nancyfamosa.es\/it\/wp-json\/wp\/v2\/users\/1"}],"replies":[{"embeddable":true,"href":"https:\/\/nancyfamosa.es\/it\/wp-json\/wp\/v2\/comments?post=7"}],"version-history":[{"count":2,"href":"https:\/\/nancyfamosa.es\/it\/wp-json\/wp\/v2\/pages\/7\/revisions"}],"predecessor-version":[{"id":504,"href":"https:\/\/nancyfamosa.es\/it\/wp-json\/wp\/v2\/pages\/7\/revisions\/504"}],"wp:attachment":[{"href":"https:\/\/nancyfamosa.es\/it\/wp-json\/wp\/v2\/media?parent=7"}],"curies":[{"name":"wp","href":"https:\/\/api.w.org\/{rel}","templated":true}]}}