{"id":39,"date":"2021-06-10T06:33:13","date_gmt":"2021-06-10T06:33:13","guid":{"rendered":"https:\/\/nancyfamosa.es\/pt\/?page_id=39"},"modified":"2021-06-14T16:58:44","modified_gmt":"2021-06-14T16:58:44","slug":"acessorios-e-roupinha","status":"publish","type":"page","link":"https:\/\/nancyfamosa.es\/pt\/acessorios-e-roupinha\/","title":{"rendered":"Acess\u00f3rios e Roupinha"},"content":{"rendered":"\n<p>Nancy tem muitos acess\u00f3rios para brincar e roupas para ir sempre at\u00e9 o \u00faltimo.<\/p>\n","protected":false},"excerpt":{"rendered":"<p>Nancy tem muitos acess\u00f3rios para brincar e roupas para ir sempre at\u00e9 o \u00faltimo.<\/p>\n","protected":false},"author":1,"featured_media":0,"parent":0,"menu_order":0,"comment_status":"closed","ping_status":"closed","template":"page-nancy-accesorios.php","meta":{"footnotes":""},"class_list":["post-39","page","type-page","status-publish","hentry"],"acf":[],"yoast_head":"<!-- This site is optimized with the Yoast SEO plugin v16.4 - https:\/\/yoast.com\/wordpress\/plugins\/seo\/ -->\n<title>Acess\u00f3rios e Roupinha - Nancy PT<\/title>\n<meta name=\"robots\" content=\"index, follow, max-snippet:-1, max-image-preview:large, max-video-preview:-1\" \/>\n<link rel=\"canonical\" href=\"https:\/\/nancyfamosa.es\/pt\/acessorios-e-roupinha\/\" \/>\n<meta property=\"og:locale\" content=\"pt_PT\" \/>\n<meta property=\"og:type\" content=\"article\" \/>\n<meta property=\"og:title\" content=\"Acess\u00f3rios e Roupinha - Nancy PT\" \/>\n<meta property=\"og:description\" content=\"Nancy tem muitos acess\u00f3rios para brincar e roupas para ir sempre at\u00e9 o \u00faltimo.\" \/>\n<meta property=\"og:url\" content=\"https:\/\/nancyfamosa.es\/pt\/acessorios-e-roupinha\/\" \/>\n<meta property=\"og:site_name\" content=\"Nancy PT\" \/>\n<meta property=\"article:modified_time\" content=\"2021-06-14T16:58:44+00:00\" \/>\n<meta name=\"twitter:card\" content=\"summary_large_image\" \/>\n<meta name=\"twitter:label1\" content=\"Tempo estimado de leitura\" \/>\n\t<meta name=\"twitter:data1\" content=\"1 minuto\" \/>\n<script type=\"application\/ld+json\" class=\"yoast-schema-graph\">{\"@context\":\"https:\/\/schema.org\",\"@graph\":[{\"@type\":\"WebSite\",\"@id\":\"https:\/\/nancyfamosa.es\/pt\/#website\",\"url\":\"https:\/\/nancyfamosa.es\/pt\/\",\"name\":\"Nancy PT\",\"description\":\"Nancy Famosa Espa\\u00f1a\",\"potentialAction\":[{\"@type\":\"SearchAction\",\"target\":\"https:\/\/nancyfamosa.es\/pt\/?s={search_term_string}\",\"query-input\":\"required name=search_term_string\"}],\"inLanguage\":\"pt-PT\"},{\"@type\":\"WebPage\",\"@id\":\"https:\/\/nancyfamosa.es\/pt\/acessorios-e-roupinha\/#webpage\",\"url\":\"https:\/\/nancyfamosa.es\/pt\/acessorios-e-roupinha\/\",\"name\":\"Acess\\u00f3rios e Roupinha - Nancy PT\",\"isPartOf\":{\"@id\":\"https:\/\/nancyfamosa.es\/pt\/#website\"},\"datePublished\":\"2021-06-10T06:33:13+00:00\",\"dateModified\":\"2021-06-14T16:58:44+00:00\",\"breadcrumb\":{\"@id\":\"https:\/\/nancyfamosa.es\/pt\/acessorios-e-roupinha\/#breadcrumb\"},\"inLanguage\":\"pt-PT\",\"potentialAction\":[{\"@type\":\"ReadAction\",\"target\":[\"https:\/\/nancyfamosa.es\/pt\/acessorios-e-roupinha\/\"]}]},{\"@type\":\"BreadcrumbList\",\"@id\":\"https:\/\/nancyfamosa.es\/pt\/acessorios-e-roupinha\/#breadcrumb\",\"itemListElement\":[{\"@type\":\"ListItem\",\"position\":1,\"item\":{\"@type\":\"WebPage\",\"@id\":\"https:\/\/nancyfamosa.es\/pt\/\",\"url\":\"https:\/\/nancyfamosa.es\/pt\/\",\"name\":\"Portada\"}},{\"@type\":\"ListItem\",\"position\":2,\"item\":{\"@id\":\"https:\/\/nancyfamosa.es\/pt\/acessorios-e-roupinha\/#webpage\"}}]}]}<\/script>\n<!-- \/ Yoast SEO plugin. -->","_links":{"self":[{"href":"https:\/\/nancyfamosa.es\/pt\/wp-json\/wp\/v2\/pages\/39"}],"collection":[{"href":"https:\/\/nancyfamosa.es\/pt\/wp-json\/wp\/v2\/pages"}],"about":[{"href":"https:\/\/nancyfamosa.es\/pt\/wp-json\/wp\/v2\/types\/page"}],"author":[{"embeddable":true,"href":"https:\/\/nancyfamosa.es\/pt\/wp-json\/wp\/v2\/users\/1"}],"replies":[{"embeddable":true,"href":"https:\/\/nancyfamosa.es\/pt\/wp-json\/wp\/v2\/comments?post=39"}],"version-history":[{"count":3,"href":"https:\/\/nancyfamosa.es\/pt\/wp-json\/wp\/v2\/pages\/39\/revisions"}],"predecessor-version":[{"id":671,"href":"https:\/\/nancyfamosa.es\/pt\/wp-json\/wp\/v2\/pages\/39\/revisions\/671"}],"wp:attachment":[{"href":"https:\/\/nancyfamosa.es\/pt\/wp-json\/wp\/v2\/media?parent=39"}],"curies":[{"name":"wp","href":"https:\/\/api.w.org\/{rel}","templated":true}]}}