{"id":7,"date":"2021-06-09T15:07:35","date_gmt":"2021-06-09T15:07:35","guid":{"rendered":"https:\/\/nancyfamosa.es\/pt\/?page_id=7"},"modified":"2021-06-21T13:22:27","modified_gmt":"2021-06-21T13:22:27","slug":"aviso-legal","status":"publish","type":"page","link":"https:\/\/nancyfamosa.es\/pt\/aviso-legal\/","title":{"rendered":"Aviso legal"},"content":{"rendered":"\n<p><strong>Aviso legal<\/strong><\/p>\n\n\n\n<p>Este S\u00edtio da Internet (mais \u00e0 frente designado por \u201cS\u00edtio da Internet\u201d), \u00e9 propriedade de: F\u00e1bricas Agupadas de Mu\u00f1ecas de Onil, S.A. (mais \u00e0 frente designado por \u201cFamosa\u201d) Dom\u00edcilio Social: C\/ del Franco s\/n, Pol\u00edgono Industrial \u201cLas Atalayas\u201d, 03114 Alicante. Dados do registo: Registo Mercantil de Alicante, Tomo 3478, f\u00f3lio 47, Folha A-103.414 N\u00famero de Identifica\u00e7\u00e3o Fiscal: A-84392596<\/p>\n\n\n\n<p><strong>Propriedade Intelectual e Industrial<\/strong><\/p>\n\n\n\n<p>Todos os conte\u00fados do S\u00edtio da Internet, englobando a t\u00edtulo meramente enunciativo os textos, as fotografias, gr\u00e1ficos, imagens, logotipos, marcas, \u00edcones, tecnologia, software, links e outros, audiovisuais, sonoros ou de qualquer outro tipo, bem como o seu desenho gr\u00e1fico e c\u00f3digos de fonte (mais adiante citados como \u201cConte\u00fados\u201d), s\u00e3o propriedade intelectual e\/ou industrial da Famosa ou de terceiros, sendo a Famosa, neste \u00faltimo caso, o licenciado autorizado. Nenhum direito, quer de explora\u00e7\u00e3o quer qualquer outro, relativo aos Conte\u00fados se entender\u00e1 ser cedido \u00e0s pessoas que possam aceder ao S\u00edtio da Internet ou aos conte\u00fados (mais \u00e0 frente, \u201co Usu\u00e1rio\u201d), para al\u00e9m do estritamente necess\u00e1rio para uso correcto do S\u00edtio da Internet. As marcas, nomes comerciais ou sinais distintivos, constituem titularidade da Famosa ou de terceiros, relativamente aos quais a Famosa \u00e9 um licenciado autorizado, sem que se possa interpretar e aceitar que o acesso ao S\u00edtio da Internet atribua algum direito sobre as citadas marcas, nomes comerciais e\/ou sinais distintivos.<\/p>\n\n\n\n<p><strong>Normas de Utiliza\u00e7\u00e3o do S\u00edtio da Internet<\/strong><\/p>\n\n\n\n<p>A navega\u00e7\u00e3o no S\u00edtio da Internet atribui a condi\u00e7\u00e3o de Usu\u00e1rio do mesmo e implica a aceita\u00e7\u00e3o plena e sem quaisquer reservas de todas e de cada uma das disposi\u00e7\u00f5es inclu\u00eddas neste Aviso Legal que poder\u00e3o porventura sofrer altera\u00e7\u00f5es. O Usu\u00e1rio do S\u00edtio da Internet compromete-se a utilizar o s\u00edtio e os Conte\u00fados, de acordo e em conformidade com a Lei e o presente Aviso Legal, assim como com as demais condi\u00e7\u00f5es, regulamentos e instru\u00e7\u00f5es que podem ser aplicados em cada caso. Como car\u00e1cter meramente enunciativo, \u00e9 completamente vedada ao Usu\u00e1rio reproduzir, copiar, distribuir, p\u00f4r \u00e0 disposi\u00e7\u00e3o de terceiros, comunicar publicamente, transformar ou modificar os Conte\u00fados, salvo nos casos autorizados por lei ou expressamente autorizados pela Famosa ou por quem, no seu caso concreto, ostente a titularidade dos direitos de explora\u00e7\u00e3o. O acesso ao S\u00edtio da Internet n\u00e3o implica a obriga\u00e7\u00e3o por parte da Famosa em controlar a aus\u00eancia de v\u00edrus ou qualquer outro elemento inform\u00e1tico malicioso. De qualquer modo, \u00e9 incumb\u00eancia do Usu\u00e1rio disponibilizar as ferramentas adequadas \u00e0 detec\u00e7\u00e3o e desinfec\u00e7\u00e3o de programas inform\u00e1ricos maliciosos. A Famosa n\u00e3o assumir\u00e1 qualquer responsabilidade pelos danos produzidos nos equipamentos inform\u00e1ticos dos Usu\u00e1rios ou de terceiros, no decorrer da presta\u00e7\u00e3o de servi\u00e7o do S\u00edtio da Internet.<\/p>\n\n\n\n<p><strong>Liga\u00e7\u00f5es<\/strong><\/p>\n\n\n\n<p>Na hip\u00f3tese do S\u00edtio da Internet possuir dispositivos t\u00e9cnicos de liga\u00e7\u00e3o, direct\u00f3rios e inclusivamente instrumentos de pesquisa que permitem ao Usu\u00e1rio aceder a outras p\u00e1ginas e s\u00edtios da internet (mais adiante designados por \u201cS\u00edtios Ligados\u201d) e sempre que os ditos S\u00edtios Ligados n\u00e3o tenham correla\u00e7\u00e3o com p\u00e1ginas da web, tamb\u00e9m elas propriedade da Famosa (\u00e0s quais se far\u00e1 alus\u00e3o expressa na correspondente \u201cNota Legal\u201d ou \u201cNormas de Utiliza\u00e7\u00e3o\u201d, publicadas nos citados S\u00edtios Ligados propriedade da Famosa), ser\u00e1 de aplicar o seguidamente estabelecido. Relativamente aos S\u00edtios Ligados, a Famosa n\u00e3o ser\u00e1 respons\u00e1vel pelos conte\u00fados e servi\u00e7os fornecidos nos S\u00edtios Ligados. A FAMOSA ignora os conte\u00fados e servi\u00e7os dos S\u00edtios Ligados, pelo que n\u00e3o se responsabiliza pelos danos causados pela ilicitude, qualidade, desactualiza\u00e7\u00e3o, indisponibilidade, erro e inutilidade dos conte\u00fados e\/ou servi\u00e7os dos S\u00edtios Ligados, nem por qualquer outro dano que n\u00e3o seja directamente imput\u00e1vel \u00e0 Famosa. Em nenhum caso, a exist\u00eancia de S\u00edtios Ligados deve pressupor a exist\u00eancia de acordos com os respons\u00e1veis ou titulares dos mesmos, nem a recomenda\u00e7\u00e3o, promo\u00e7\u00e3o ou identifica\u00e7\u00e3o da Famosa com as manifesta\u00e7\u00f5es, conte\u00fados ou servi\u00e7os fornecidos nos S\u00edtios Ligados. No caso do Usu\u00e1rio ou de qualquer outro usu\u00e1rio de internet ter conhecimento de que os S\u00edtios Ligados remetem as p\u00e1ginas cujos conte\u00fados ou servi\u00e7os s\u00e3o il\u00edcitos, nocivos, degradantes, violentos ou contr\u00e1rios \u00e0 moral, dever\u00e1 p\u00f4r-se em contacto com a Famosa indicando os seguintes pontos: Dados pessoais do comunicante: nome, morada, n\u00famero de telefone e endere\u00e7o electr\u00f3nico. Descri\u00e7\u00e3o dos factos que revelem o car\u00e1cter il\u00edcito ou inadequado do S\u00edtio Ligado. Na hip\u00f3tese de viola\u00e7\u00e3o, os direitos, tais como propriedade intelectual e industrial, os dados pessoais do titular do direito infringido, quando se trate de pessoa distinta do comunicante. Deste modo, dever\u00e1 exibir o t\u00edtulo que acredite a legitima\u00e7\u00e3o do titular dos direitos e o de representa\u00e7\u00e3o para actuar por conta do titular, quando se trate de pessoa distinta do comunicante; Declara\u00e7\u00e3o expressa de que a informa\u00e7\u00e3o contida na reclama\u00e7\u00e3o \u00e9 exacta. A recep\u00e7\u00e3o, por parte da Famosa, da comunica\u00e7\u00e3o prevista nesta cl\u00e1usula, n\u00e3o supor\u00e1 o conhecimento efectivo das actividades e\/ou conte\u00fados indicados pelo comunicante.<\/p>\n\n\n\n<p><strong>Legisla\u00e7\u00e3o<\/strong><\/p>\n\n\n\n<p>O presente Aviso Legal rege-se em todos e em cada um dos seus termos pela legisla\u00e7\u00e3o espanhola em vigor.<\/p>\n","protected":false},"excerpt":{"rendered":"<p>Aviso legal Este S\u00edtio da Internet (mais \u00e0 frente designado por \u201cS\u00edtio da Internet\u201d), \u00e9 propriedade de: F\u00e1bricas Agupadas de Mu\u00f1ecas de Onil, S.A. (mais \u00e0 frente designado por \u201cFamosa\u201d) Dom\u00edcilio Social: C\/ del Franco s\/n, Pol\u00edgono Industrial \u201cLas Atalayas\u201d, 03114 Alicante. Dados do registo: Registo Mercantil de Alicante, Tomo 3478, f\u00f3lio 47, Folha A-103.414 [&hellip;]<\/p>\n","protected":false},"author":1,"featured_media":0,"parent":0,"menu_order":0,"comment_status":"closed","ping_status":"closed","template":"","meta":{"footnotes":""},"class_list":["post-7","page","type-page","status-publish","hentry"],"acf":[],"yoast_head":"<!-- This site is optimized with the Yoast SEO plugin v16.4 - https:\/\/yoast.com\/wordpress\/plugins\/seo\/ -->\n<title>Aviso legal - Nancy PT<\/title>\n<meta name=\"robots\" content=\"index, follow, max-snippet:-1, max-image-preview:large, max-video-preview:-1\" \/>\n<link rel=\"canonical\" href=\"https:\/\/nancyfamosa.es\/pt\/aviso-legal\/\" \/>\n<meta property=\"og:locale\" content=\"pt_PT\" \/>\n<meta property=\"og:type\" content=\"article\" \/>\n<meta property=\"og:title\" content=\"Aviso legal - Nancy PT\" \/>\n<meta property=\"og:description\" content=\"Aviso legal Este S\u00edtio da Internet (mais \u00e0 frente designado por \u201cS\u00edtio da Internet\u201d), \u00e9 propriedade de: F\u00e1bricas Agupadas de Mu\u00f1ecas de Onil, S.A. (mais \u00e0 frente designado por \u201cFamosa\u201d) Dom\u00edcilio Social: C\/ del Franco s\/n, Pol\u00edgono Industrial \u201cLas Atalayas\u201d, 03114 Alicante. Dados do registo: Registo Mercantil de Alicante, Tomo 3478, f\u00f3lio 47, Folha A-103.414 [&hellip;]\" \/>\n<meta property=\"og:url\" content=\"https:\/\/nancyfamosa.es\/pt\/aviso-legal\/\" \/>\n<meta property=\"og:site_name\" content=\"Nancy PT\" \/>\n<meta property=\"article:modified_time\" content=\"2021-06-21T13:22:27+00:00\" \/>\n<meta name=\"twitter:card\" content=\"summary_large_image\" \/>\n<meta name=\"twitter:label1\" content=\"Tempo estimado de leitura\" \/>\n\t<meta name=\"twitter:data1\" content=\"4 minutos\" \/>\n<script type=\"application\/ld+json\" class=\"yoast-schema-graph\">{\"@context\":\"https:\/\/schema.org\",\"@graph\":[{\"@type\":\"WebSite\",\"@id\":\"https:\/\/nancyfamosa.es\/pt\/#website\",\"url\":\"https:\/\/nancyfamosa.es\/pt\/\",\"name\":\"Nancy PT\",\"description\":\"Nancy Famosa Espa\\u00f1a\",\"potentialAction\":[{\"@type\":\"SearchAction\",\"target\":\"https:\/\/nancyfamosa.es\/pt\/?s={search_term_string}\",\"query-input\":\"required name=search_term_string\"}],\"inLanguage\":\"pt-PT\"},{\"@type\":\"WebPage\",\"@id\":\"https:\/\/nancyfamosa.es\/pt\/aviso-legal\/#webpage\",\"url\":\"https:\/\/nancyfamosa.es\/pt\/aviso-legal\/\",\"name\":\"Aviso legal - Nancy PT\",\"isPartOf\":{\"@id\":\"https:\/\/nancyfamosa.es\/pt\/#website\"},\"datePublished\":\"2021-06-09T15:07:35+00:00\",\"dateModified\":\"2021-06-21T13:22:27+00:00\",\"breadcrumb\":{\"@id\":\"https:\/\/nancyfamosa.es\/pt\/aviso-legal\/#breadcrumb\"},\"inLanguage\":\"pt-PT\",\"potentialAction\":[{\"@type\":\"ReadAction\",\"target\":[\"https:\/\/nancyfamosa.es\/pt\/aviso-legal\/\"]}]},{\"@type\":\"BreadcrumbList\",\"@id\":\"https:\/\/nancyfamosa.es\/pt\/aviso-legal\/#breadcrumb\",\"itemListElement\":[{\"@type\":\"ListItem\",\"position\":1,\"item\":{\"@type\":\"WebPage\",\"@id\":\"https:\/\/nancyfamosa.es\/pt\/\",\"url\":\"https:\/\/nancyfamosa.es\/pt\/\",\"name\":\"Portada\"}},{\"@type\":\"ListItem\",\"position\":2,\"item\":{\"@id\":\"https:\/\/nancyfamosa.es\/pt\/aviso-legal\/#webpage\"}}]}]}<\/script>\n<!-- \/ Yoast SEO plugin. -->","_links":{"self":[{"href":"https:\/\/nancyfamosa.es\/pt\/wp-json\/wp\/v2\/pages\/7"}],"collection":[{"href":"https:\/\/nancyfamosa.es\/pt\/wp-json\/wp\/v2\/pages"}],"about":[{"href":"https:\/\/nancyfamosa.es\/pt\/wp-json\/wp\/v2\/types\/page"}],"author":[{"embeddable":true,"href":"https:\/\/nancyfamosa.es\/pt\/wp-json\/wp\/v2\/users\/1"}],"replies":[{"embeddable":true,"href":"https:\/\/nancyfamosa.es\/pt\/wp-json\/wp\/v2\/comments?post=7"}],"version-history":[{"count":2,"href":"https:\/\/nancyfamosa.es\/pt\/wp-json\/wp\/v2\/pages\/7\/revisions"}],"predecessor-version":[{"id":677,"href":"https:\/\/nancyfamosa.es\/pt\/wp-json\/wp\/v2\/pages\/7\/revisions\/677"}],"wp:attachment":[{"href":"https:\/\/nancyfamosa.es\/pt\/wp-json\/wp\/v2\/media?parent=7"}],"curies":[{"name":"wp","href":"https:\/\/api.w.org\/{rel}","templated":true}]}}